{"id":9,"date":"2018-05-17T15:04:41","date_gmt":"2018-05-17T15:04:41","guid":{"rendered":"http:\/\/wordpress.landal.sk\/?page_id=9"},"modified":"2024-05-02T11:21:58","modified_gmt":"2024-05-02T09:21:58","slug":"kontakt","status":"publish","type":"page","link":"https:\/\/www.landal.sk\/index.php\/kontakt\/","title":{"rendered":"Kontakt"},"content":{"rendered":"\t\t<div data-elementor-type=\"wp-post\" data-elementor-id=\"9\" class=\"elementor elementor-9\">\n\t\t\t\t\t\t<section class=\"elementor-section elementor-top-section elementor-element elementor-element-3c24b7f3 elementor-section-boxed elementor-section-height-default elementor-section-height-default\" data-id=\"3c24b7f3\" data-element_type=\"section\" data-e-type=\"section\">\n\t\t\t\t\t\t<div class=\"elementor-container elementor-column-gap-default\">\n\t\t\t\t\t<div class=\"elementor-column elementor-col-100 elementor-top-column elementor-element elementor-element-232822f4\" data-id=\"232822f4\" data-element_type=\"column\" data-e-type=\"column\">\n\t\t\t<div class=\"elementor-widget-wrap elementor-element-populated\">\n\t\t\t\t\t\t<div class=\"elementor-element elementor-element-3f1391a elementor-widget elementor-widget-text-editor\" data-id=\"3f1391a\" data-element_type=\"widget\" data-e-type=\"widget\" data-widget_type=\"text-editor.default\">\n\t\t\t\t<div class=\"elementor-widget-container\">\n\t\t\t\t\t\t\t\t\t<div class=\"textwidget\"><p><strong>Adresa<\/strong><br \/>LANDAL, s. r. o.<br \/>Priemyseln\u00e1 1238<br \/>93101\u00a0 \u0160amor\u00edn<\/p><p>I\u010cO: 36261866, Zap\u00edsan\u00e9: OR Okresn\u00e9ho s\u00fadu Trnava, Odd. sro, vlo\u017eka \u010d. 15002\/T<\/p><p><strong>Tel.\/fax: <\/strong>+421 31 5624447, 5624820<strong><br \/><\/strong><\/p><p><strong>Mobil: <\/strong>+421908773696, +421905636290<\/p><p><strong>e-mail:<\/strong> <a href=\"mailto:landal@landal.sk\">landal@landal.sk<\/a><\/p><p><strong>Prev\u00e1dzkov\u00e1 doba<\/strong><br \/>Pondelok a\u017e piatok od 8:00 do 16:00<\/p><\/div>\t\t\t\t\t\t\t\t<\/div>\n\t\t\t\t<\/div>\n\t\t\t\t<div class=\"elementor-element elementor-element-c102e42 elementor-invisible elementor-widget elementor-widget-google_maps\" data-id=\"c102e42\" data-element_type=\"widget\" data-e-type=\"widget\" data-settings=\"{&quot;_animation&quot;:&quot;fadeIn&quot;}\" data-widget_type=\"google_maps.default\">\n\t\t\t\t<div class=\"elementor-widget-container\">\n\t\t\t\t\t\t\t<div class=\"elementor-custom-embed\">\n\t\t\t<iframe loading=\"lazy\"\n\t\t\t\t\tsrc=\"https:\/\/maps.google.com\/maps?q=LANDAL%2C%20s.%20r.%20o.%2C%20Priemyseln%C3%A1%201238%2C%2093101%20%20%C5%A0amor%C3%ADn&#038;t=m&#038;z=15&#038;output=embed&#038;iwloc=near\"\n\t\t\t\t\ttitle=\"LANDAL, s. r. o., Priemyseln\u00e1 1238, 93101  \u0160amor\u00edn\"\n\t\t\t\t\taria-label=\"LANDAL, s. r. o., Priemyseln\u00e1 1238, 93101  \u0160amor\u00edn\"\n\t\t\t><\/iframe>\n\t\t<\/div>\n\t\t\t\t\t\t<\/div>\n\t\t\t\t<\/div>\n\t\t\t\t\t<\/div>\n\t\t<\/div>\n\t\t\t\t\t<\/div>\n\t\t<\/section>\n\t\t\t\t<\/div>\n\t\t","protected":false},"excerpt":{"rendered":"<p>AdresaLANDAL, s. r. o.Priemyseln\u00e1 123893101\u00a0 \u0160amor\u00edn I\u010cO: 36261866, Zap\u00edsan\u00e9: OR Okresn\u00e9ho s\u00fadu Trnava, Odd. sro, vlo\u017eka \u010d. 15002\/T Tel.\/fax: +421 31 5624447, 5624820 Mobil: +421908773696, +421905636290 e-mail: landal@landal.sk Prev\u00e1dzkov\u00e1 dobaPondelok a\u017e piatok od 8:00 do 16:00<\/p>\n","protected":false},"author":1,"featured_media":13,"parent":0,"menu_order":0,"comment_status":"closed","ping_status":"closed","template":"","meta":{"footnotes":""},"class_list":["post-9","page","type-page","status-publish","has-post-thumbnail","hentry"],"_links":{"self":[{"href":"https:\/\/www.landal.sk\/index.php\/wp-json\/wp\/v2\/pages\/9","targetHints":{"allow":["GET"]}}],"collection":[{"href":"https:\/\/www.landal.sk\/index.php\/wp-json\/wp\/v2\/pages"}],"about":[{"href":"https:\/\/www.landal.sk\/index.php\/wp-json\/wp\/v2\/types\/page"}],"author":[{"embeddable":true,"href":"https:\/\/www.landal.sk\/index.php\/wp-json\/wp\/v2\/users\/1"}],"replies":[{"embeddable":true,"href":"https:\/\/www.landal.sk\/index.php\/wp-json\/wp\/v2\/comments?post=9"}],"version-history":[{"count":16,"href":"https:\/\/www.landal.sk\/index.php\/wp-json\/wp\/v2\/pages\/9\/revisions"}],"predecessor-version":[{"id":1496,"href":"https:\/\/www.landal.sk\/index.php\/wp-json\/wp\/v2\/pages\/9\/revisions\/1496"}],"wp:featuredmedia":[{"embeddable":true,"href":"https:\/\/www.landal.sk\/index.php\/wp-json\/wp\/v2\/media\/13"}],"wp:attachment":[{"href":"https:\/\/www.landal.sk\/index.php\/wp-json\/wp\/v2\/media?parent=9"}],"curies":[{"name":"wp","href":"https:\/\/api.w.org\/{rel}","templated":true}]}}