{"id":57,"date":"2018-06-06T16:45:01","date_gmt":"2018-06-06T14:45:01","guid":{"rendered":"http:\/\/wordpress.landal.sk\/?page_id=57"},"modified":"2019-07-04T12:37:54","modified_gmt":"2019-07-04T10:37:54","slug":"gumene-pasy","status":"publish","type":"page","link":"http:\/\/www.landal.sk\/index.php\/predaj\/gumene-pasy\/","title":{"rendered":"Gumen\u00e9 p\u00e1sy"},"content":{"rendered":"\t\t<div data-elementor-type=\"wp-post\" data-elementor-id=\"57\" class=\"elementor elementor-57\">\n\t\t\t\t\t\t<section class=\"elementor-section elementor-top-section elementor-element elementor-element-845c969 elementor-section-boxed elementor-section-height-default elementor-section-height-default\" data-id=\"845c969\" data-element_type=\"section\" data-e-type=\"section\">\n\t\t\t\t\t\t<div class=\"elementor-container elementor-column-gap-default\">\n\t\t\t\t\t<div class=\"elementor-column elementor-col-100 elementor-top-column elementor-element elementor-element-a7781ba\" data-id=\"a7781ba\" data-element_type=\"column\" data-e-type=\"column\">\n\t\t\t<div class=\"elementor-widget-wrap elementor-element-populated\">\n\t\t\t\t\t\t<div class=\"elementor-element elementor-element-d705230 elementor-widget elementor-widget-text-editor\" data-id=\"d705230\" data-element_type=\"widget\" data-e-type=\"widget\" data-widget_type=\"text-editor.default\">\n\t\t\t\t<div class=\"elementor-widget-container\">\n\t\t\t\t\t\t\t\t\t<h2><img decoding=\"async\" class=\"wp-image-1343 aligncenter\" src=\"http:\/\/www.landal.sk\/wp-content\/uploads\/2019\/07\/logo20_black.png\" alt=\"\" width=\"248\" height=\"198\" srcset=\"http:\/\/www.landal.sk\/wp-content\/uploads\/2019\/07\/logo20_black.png 670w, http:\/\/www.landal.sk\/wp-content\/uploads\/2019\/07\/logo20_black-300x239.png 300w\" sizes=\"(max-width: 248px) 100vw, 248px\" \/>Spo\u013eahlivos\u0165 viac ako 20 rokov<\/h2><div>\u00a0MINITOP predstavuje od roku 1995 kvalitu a spo\u013eahlivos\u0165 v oblasti gumov\u00fdch p\u00e1sov pre stavebn\u00fd sektor.<\/div>\t\t\t\t\t\t\t\t<\/div>\n\t\t\t\t<\/div>\n\t\t\t\t\t<\/div>\n\t\t<\/div>\n\t\t\t\t\t<\/div>\n\t\t<\/section>\n\t\t\t\t<section class=\"elementor-section elementor-top-section elementor-element elementor-element-20bced61 elementor-section-boxed elementor-section-height-default elementor-section-height-default\" data-id=\"20bced61\" data-element_type=\"section\" data-e-type=\"section\">\n\t\t\t\t\t\t<div class=\"elementor-container elementor-column-gap-default\">\n\t\t\t\t\t<div class=\"elementor-column elementor-col-100 elementor-top-column elementor-element elementor-element-6e7fd6a7\" data-id=\"6e7fd6a7\" data-element_type=\"column\" data-e-type=\"column\">\n\t\t\t<div class=\"elementor-widget-wrap elementor-element-populated\">\n\t\t\t\t\t\t<section class=\"elementor-section elementor-inner-section elementor-element elementor-element-121ede0 elementor-section-boxed elementor-section-height-default elementor-section-height-default\" data-id=\"121ede0\" data-element_type=\"section\" data-e-type=\"section\">\n\t\t\t\t\t\t<div class=\"elementor-container elementor-column-gap-default\">\n\t\t\t\t\t<div class=\"elementor-column elementor-col-50 elementor-inner-column elementor-element elementor-element-5796eb7\" data-id=\"5796eb7\" data-element_type=\"column\" data-e-type=\"column\">\n\t\t\t<div class=\"elementor-widget-wrap elementor-element-populated\">\n\t\t\t\t\t\t<div class=\"elementor-element elementor-element-b3f4b0a elementor-widget elementor-widget-heading\" data-id=\"b3f4b0a\" data-element_type=\"widget\" data-e-type=\"widget\" data-widget_type=\"heading.default\">\n\t\t\t\t<div class=\"elementor-widget-container\">\n\t\t\t\t\t<h2 class=\"elementor-heading-title elementor-size-default\">VYSOK\u00c1 KVALITA\nDLH\u00c1 \u017dIVOTNOS\u0164<\/h2>\t\t\t\t<\/div>\n\t\t\t\t<\/div>\n\t\t\t\t<div class=\"elementor-element elementor-element-78946cb elementor-widget elementor-widget-text-editor\" data-id=\"78946cb\" data-element_type=\"widget\" data-e-type=\"widget\" data-widget_type=\"text-editor.default\">\n\t\t\t\t<div class=\"elementor-widget-container\">\n\t\t\t\t\t\t\t\t\t<p><strong>MINITOP<\/strong> u\u017e roky pou\u017e\u00edva technol\u00f3giu <strong>spojit\u00e9ho oce\u013eov\u00e9ho lana<\/strong> na zv\u00fd\u0161enie pevnosti a odolnosti. P\u00e1sy MINITOP s\u00fa o 40% pevnej\u0161ia a trv\u00e1cnej\u0161ie \u010d\u00edm sa zni\u017euj\u00fa n\u00e1klady z\u00e1kazn\u00edka.<\/p>\t\t\t\t\t\t\t\t<\/div>\n\t\t\t\t<\/div>\n\t\t\t\t\t<\/div>\n\t\t<\/div>\n\t\t\t\t<div class=\"elementor-column elementor-col-50 elementor-inner-column elementor-element elementor-element-413b489\" data-id=\"413b489\" data-element_type=\"column\" data-e-type=\"column\">\n\t\t\t<div class=\"elementor-widget-wrap elementor-element-populated\">\n\t\t\t\t\t\t<div class=\"elementor-element elementor-element-7e57085 elementor-widget elementor-widget-video\" data-id=\"7e57085\" data-element_type=\"widget\" data-e-type=\"widget\" data-settings=\"{&quot;video_type&quot;:&quot;hosted&quot;,&quot;autoplay&quot;:&quot;yes&quot;,&quot;mute&quot;:&quot;yes&quot;,&quot;loop&quot;:&quot;yes&quot;}\" data-widget_type=\"video.default\">\n\t\t\t\t<div class=\"elementor-widget-container\">\n\t\t\t\t\t\t\t<div class=\"e-hosted-video elementor-wrapper elementor-open-inline\">\n\t\t\t\t\t<video class=\"elementor-video\" src=\"http:\/\/www.landal.sk\/wp-content\/uploads\/2018\/07\/Cingolo_720_3601.mp4\" autoplay=\"\" loop=\"\" muted=\"muted\" controlsList=\"nodownload\"><\/video>\n\t\t\t\t<\/div>\n\t\t\t\t\t\t<\/div>\n\t\t\t\t<\/div>\n\t\t\t\t\t<\/div>\n\t\t<\/div>\n\t\t\t\t\t<\/div>\n\t\t<\/section>\n\t\t\t\t<div class=\"elementor-element elementor-element-3a6e4268 elementor-widget elementor-widget-text-editor\" data-id=\"3a6e4268\" data-element_type=\"widget\" data-e-type=\"widget\" data-widget_type=\"text-editor.default\">\n\t\t\t\t<div class=\"elementor-widget-container\">\n\t\t\t\t\t\t\t\t\t<p>Pon\u00fakame viac ako 400 r\u00f4znych typov gumen\u00fdch p\u00e1sov.<br \/>Na sklade u v\u00fdrobcu je viac ako 8000 kusov, \u010do n\u00e1m umo\u017e\u0148uje r\u00fdchle obsl\u00fa\u017eenie z\u00e1kazn\u00edka.<\/p><p>V s\u00fa\u010dasnosti pokr\u00fdvame viac ako 5900 r\u00f4znych typov minir\u00fdpadiel a p\u00e1sov\u00fdch vozidiel so \u0161\u00edrkou p\u00e1sov 150mm a\u017e 1000mm s hmotnos\u0165ou p\u00e1su od 15 kg do 2000 kg.<\/p><p>Rozhodnutie MINITOP sta\u0165 sa glob\u00e1lnym l\u00eddrom vo v\u00fdrobe gumen\u00fdch p\u00e1sov neust\u00e1le n\u00fati zlep\u0161ova\u0165 \u0161tandardy tak, aby sme boli st\u00e1le pred konkurenciou.<\/p><p>Pre podrobn\u00fa inform\u00e1ciu n\u00e1s kontaktujte.<\/p><p><\/p><\/div><\/div><\/div><\/div><\/div><\/section><\/div> <a href=\"http:\/\/www.landal.sk\/index.php\/predaj\/gumene-pasy\/#more-57\" class=\"more-link elementor-more-link\"><span aria-label=\"\u010c\u00edta\u0165 \u010falej Gumen\u00e9 p\u00e1sy\">(viac&hellip;)<\/span><\/a>","protected":false},"excerpt":{"rendered":"<p>Spo\u013eahlivos\u0165 viac ako 20 rokov \u00a0MINITOP predstavuje od roku 1995 kvalitu a spo\u013eahlivos\u0165 v oblasti gumov\u00fdch p\u00e1sov pre stavebn\u00fd sektor. VYSOK\u00c1 KVALITA DLH\u00c1 \u017dIVOTNOS\u0164 MINITOP u\u017e roky pou\u017e\u00edva technol\u00f3giu spojit\u00e9ho oce\u013eov\u00e9ho lana na zv\u00fd\u0161enie pevnosti a odolnosti. P\u00e1sy MINITOP s\u00fa o 40% pevnej\u0161ia a trv\u00e1cnej\u0161ie \u010d\u00edm sa zni\u017euj\u00fa n\u00e1klady z\u00e1kazn\u00edka. http:\/\/www.landal.sk\/wp-content\/uploads\/2018\/07\/Cingolo_720_3601.mp4 Pon\u00fakame viac ako 400 &hellip; <\/p>\n<p class=\"link-more\"><a href=\"http:\/\/www.landal.sk\/index.php\/predaj\/gumene-pasy\/\" class=\"more-link\">Pokra\u010dova\u0165 v \u010d\u00edtan\u00ed<span class=\"screen-reader-text\"> &#8222;Gumen\u00e9 p\u00e1sy&#8220;<\/span><\/a><\/p>\n","protected":false},"author":1,"featured_media":0,"parent":61,"menu_order":0,"comment_status":"closed","ping_status":"closed","template":"","meta":{"footnotes":""},"class_list":["post-57","page","type-page","status-publish","hentry"],"_links":{"self":[{"href":"http:\/\/www.landal.sk\/index.php\/wp-json\/wp\/v2\/pages\/57","targetHints":{"allow":["GET"]}}],"collection":[{"href":"http:\/\/www.landal.sk\/index.php\/wp-json\/wp\/v2\/pages"}],"about":[{"href":"http:\/\/www.landal.sk\/index.php\/wp-json\/wp\/v2\/types\/page"}],"author":[{"embeddable":true,"href":"http:\/\/www.landal.sk\/index.php\/wp-json\/wp\/v2\/users\/1"}],"replies":[{"embeddable":true,"href":"http:\/\/www.landal.sk\/index.php\/wp-json\/wp\/v2\/comments?post=57"}],"version-history":[{"count":50,"href":"http:\/\/www.landal.sk\/index.php\/wp-json\/wp\/v2\/pages\/57\/revisions"}],"predecessor-version":[{"id":1350,"href":"http:\/\/www.landal.sk\/index.php\/wp-json\/wp\/v2\/pages\/57\/revisions\/1350"}],"up":[{"embeddable":true,"href":"http:\/\/www.landal.sk\/index.php\/wp-json\/wp\/v2\/pages\/61"}],"wp:attachment":[{"href":"http:\/\/www.landal.sk\/index.php\/wp-json\/wp\/v2\/media?parent=57"}],"curies":[{"name":"wp","href":"https:\/\/api.w.org\/{rel}","templated":true}]}}