{"id":462,"date":"2018-07-19T16:56:16","date_gmt":"2018-07-19T14:56:16","guid":{"rendered":"http:\/\/wordpress.landal.sk\/?page_id=462"},"modified":"2018-11-14T14:57:31","modified_gmt":"2018-11-14T12:57:31","slug":"opravy-demolacnych-kliesti","status":"publish","type":"page","link":"http:\/\/www.landal.sk\/index.php\/servis\/opravy-demolacnych-kliesti\/","title":{"rendered":"Opravy demola\u010dn\u00fdch klie\u0161t\u00ed"},"content":{"rendered":"\t\t<div data-elementor-type=\"wp-post\" data-elementor-id=\"462\" class=\"elementor elementor-462 elementor-bc-flex-widget\">\n\t\t\t\t\t\t<section class=\"elementor-section elementor-top-section elementor-element elementor-element-e8d867a elementor-section-boxed elementor-section-height-default elementor-section-height-default\" data-id=\"e8d867a\" data-element_type=\"section\" data-e-type=\"section\">\n\t\t\t\t\t\t<div class=\"elementor-container elementor-column-gap-default\">\n\t\t\t\t\t<div class=\"elementor-column elementor-col-100 elementor-top-column elementor-element elementor-element-2468b19\" data-id=\"2468b19\" data-element_type=\"column\" data-e-type=\"column\">\n\t\t\t<div class=\"elementor-widget-wrap elementor-element-populated\">\n\t\t\t\t\t\t<div class=\"elementor-element elementor-element-e4b8bb0 elementor-widget elementor-widget-text-editor\" data-id=\"e4b8bb0\" data-element_type=\"widget\" data-e-type=\"widget\" data-widget_type=\"text-editor.default\">\n\t\t\t\t<div class=\"elementor-widget-container\">\n\t\t\t\t\t\t\t\t\t<p>Hydraulick\u00e9 no\u017enice s\u00fa vzh\u013eadom na svoj \u00fa\u010del extr\u00e9mne nam\u00e1han\u00fdm zariaden\u00edm. Pri ich prev\u00e1dzke prich\u00e1dza v d\u00f4sledku p\u00f4sobenia zna\u010dn\u00fdch s\u00edl k opotrebeniu ich \u010dast\u00ed alebo ku kon\u0161truk\u010dn\u00e9mu zlyhaniu. Pri ich oprav\u00e1ch sa zameriavame na:<\/p><ul><li>v\u00fdmeny navarovac\u00edch zubov a \u010de\u013eust\u00ed,<\/li><li>v\u00fdmeny v\u00fdmenn\u00fdch zubov a \u010de\u013eust\u00ed,<\/li><li>opravy \u010dapov a p\u00fazdier,<\/li><li>opravy hydraulick\u00fdch valcov,<\/li><li>opravy \u010de\u013eust\u00ed,<\/li><li>krycie tvrdon\u00e1vary,<\/li><li>krycie oteruvzdorn\u00e9 oblo\u017eenie<\/li><\/ul>\t\t\t\t\t\t\t\t<\/div>\n\t\t\t\t<\/div>\n\t\t\t\t\t<\/div>\n\t\t<\/div>\n\t\t\t\t\t<\/div>\n\t\t<\/section>\n\t\t\t\t<section class=\"elementor-section elementor-top-section elementor-element elementor-element-da86940 elementor-section-boxed elementor-section-height-default elementor-section-height-default\" data-id=\"da86940\" data-element_type=\"section\" data-e-type=\"section\">\n\t\t\t\t\t\t<div class=\"elementor-container elementor-column-gap-default\">\n\t\t\t\t\t<div class=\"elementor-column elementor-col-100 elementor-top-column elementor-element elementor-element-2118734\" data-id=\"2118734\" data-element_type=\"column\" data-e-type=\"column\">\n\t\t\t<div class=\"elementor-widget-wrap elementor-element-populated\">\n\t\t\t\t\t\t<div class=\"elementor-element elementor-element-3e1efa4 elementor-widget elementor-widget-image-gallery\" data-id=\"3e1efa4\" data-element_type=\"widget\" data-e-type=\"widget\" data-widget_type=\"image-gallery.default\">\n\t\t\t\t<div class=\"elementor-widget-container\">\n\t\t\t\t\t\t\t<div class=\"elementor-image-gallery\">\n\t\t\t<div id='gallery-1' class='gallery galleryid-462 gallery-columns-4 gallery-size-thumbnail'><figure class='gallery-item'>\n\t\t\t<div class='gallery-icon landscape'>\n\t\t\t\t<a data-elementor-open-lightbox=\"yes\" data-elementor-lightbox-slideshow=\"3e1efa4\" data-elementor-lightbox-title=\"DSC_0004\" data-e-action-hash=\"#elementor-action%3Aaction%3Dlightbox%26settings%3DeyJpZCI6NDY4LCJ1cmwiOiJodHRwOlwvXC93d3cubGFuZGFsLnNrXC93cC1jb250ZW50XC91cGxvYWRzXC8yMDE4XC8wN1wvRFNDXzAwMDQuanBnIiwic2xpZGVzaG93IjoiM2UxZWZhNCJ9\" href='http:\/\/www.landal.sk\/wp-content\/uploads\/2018\/07\/DSC_0004.jpg' title=\"DSC_0004\" data-rl_title=\"DSC_0004\" class=\"rl-gallery-link\" data-rl_caption=\"\" data-rel=\"lightbox-gallery-1\"><img decoding=\"async\" width=\"150\" height=\"150\" src=\"http:\/\/www.landal.sk\/wp-content\/uploads\/2018\/07\/DSC_0004-150x150.jpg\" class=\"attachment-thumbnail size-thumbnail\" alt=\"\" srcset=\"http:\/\/www.landal.sk\/wp-content\/uploads\/2018\/07\/DSC_0004-150x150.jpg 150w, http:\/\/www.landal.sk\/wp-content\/uploads\/2018\/07\/DSC_0004-100x100.jpg 100w\" sizes=\"100vw\" \/><\/a>\n\t\t\t<\/div><\/figure><figure class='gallery-item'>\n\t\t\t<div class='gallery-icon landscape'>\n\t\t\t\t<a data-elementor-open-lightbox=\"yes\" data-elementor-lightbox-slideshow=\"3e1efa4\" data-elementor-lightbox-title=\"DSC_0013\" data-e-action-hash=\"#elementor-action%3Aaction%3Dlightbox%26settings%3DeyJpZCI6NDY5LCJ1cmwiOiJodHRwOlwvXC93d3cubGFuZGFsLnNrXC93cC1jb250ZW50XC91cGxvYWRzXC8yMDE4XC8wN1wvRFNDXzAwMTMuanBnIiwic2xpZGVzaG93IjoiM2UxZWZhNCJ9\" href='http:\/\/www.landal.sk\/wp-content\/uploads\/2018\/07\/DSC_0013.jpg' title=\"DSC_0013\" data-rl_title=\"DSC_0013\" class=\"rl-gallery-link\" data-rl_caption=\"\" data-rel=\"lightbox-gallery-1\"><img decoding=\"async\" width=\"150\" height=\"150\" src=\"http:\/\/www.landal.sk\/wp-content\/uploads\/2018\/07\/DSC_0013-150x150.jpg\" class=\"attachment-thumbnail size-thumbnail\" alt=\"\" srcset=\"http:\/\/www.landal.sk\/wp-content\/uploads\/2018\/07\/DSC_0013-150x150.jpg 150w, http:\/\/www.landal.sk\/wp-content\/uploads\/2018\/07\/DSC_0013-100x100.jpg 100w\" sizes=\"100vw\" \/><\/a>\n\t\t\t<\/div><\/figure><figure class='gallery-item'>\n\t\t\t<div class='gallery-icon landscape'>\n\t\t\t\t<a data-elementor-open-lightbox=\"yes\" data-elementor-lightbox-slideshow=\"3e1efa4\" data-elementor-lightbox-title=\"DSC_0015\" data-e-action-hash=\"#elementor-action%3Aaction%3Dlightbox%26settings%3DeyJpZCI6NDcwLCJ1cmwiOiJodHRwOlwvXC93d3cubGFuZGFsLnNrXC93cC1jb250ZW50XC91cGxvYWRzXC8yMDE4XC8wN1wvRFNDXzAwMTUuanBnIiwic2xpZGVzaG93IjoiM2UxZWZhNCJ9\" href='http:\/\/www.landal.sk\/wp-content\/uploads\/2018\/07\/DSC_0015.jpg' title=\"DSC_0015\" data-rl_title=\"DSC_0015\" class=\"rl-gallery-link\" data-rl_caption=\"\" data-rel=\"lightbox-gallery-1\"><img decoding=\"async\" width=\"150\" height=\"150\" src=\"http:\/\/www.landal.sk\/wp-content\/uploads\/2018\/07\/DSC_0015-150x150.jpg\" class=\"attachment-thumbnail size-thumbnail\" alt=\"\" srcset=\"http:\/\/www.landal.sk\/wp-content\/uploads\/2018\/07\/DSC_0015-150x150.jpg 150w, http:\/\/www.landal.sk\/wp-content\/uploads\/2018\/07\/DSC_0015-100x100.jpg 100w\" sizes=\"100vw\" \/><\/a>\n\t\t\t<\/div><\/figure><figure class='gallery-item'>\n\t\t\t<div class='gallery-icon landscape'>\n\t\t\t\t<a data-elementor-open-lightbox=\"yes\" data-elementor-lightbox-slideshow=\"3e1efa4\" data-elementor-lightbox-title=\"DSC_0019\" data-e-action-hash=\"#elementor-action%3Aaction%3Dlightbox%26settings%3DeyJpZCI6NDcxLCJ1cmwiOiJodHRwOlwvXC93d3cubGFuZGFsLnNrXC93cC1jb250ZW50XC91cGxvYWRzXC8yMDE4XC8wN1wvRFNDXzAwMTkuanBnIiwic2xpZGVzaG93IjoiM2UxZWZhNCJ9\" href='http:\/\/www.landal.sk\/wp-content\/uploads\/2018\/07\/DSC_0019.jpg' title=\"DSC_0019\" data-rl_title=\"DSC_0019\" class=\"rl-gallery-link\" data-rl_caption=\"\" data-rel=\"lightbox-gallery-1\"><img loading=\"lazy\" decoding=\"async\" width=\"150\" height=\"150\" src=\"http:\/\/www.landal.sk\/wp-content\/uploads\/2018\/07\/DSC_0019-150x150.jpg\" class=\"attachment-thumbnail size-thumbnail\" alt=\"\" srcset=\"http:\/\/www.landal.sk\/wp-content\/uploads\/2018\/07\/DSC_0019-150x150.jpg 150w, http:\/\/www.landal.sk\/wp-content\/uploads\/2018\/07\/DSC_0019-100x100.jpg 100w\" sizes=\"100vw\" \/><\/a>\n\t\t\t<\/div><\/figure><figure class='gallery-item'>\n\t\t\t<div class='gallery-icon landscape'>\n\t\t\t\t<a data-elementor-open-lightbox=\"yes\" data-elementor-lightbox-slideshow=\"3e1efa4\" data-elementor-lightbox-title=\"DSC_0057\" data-e-action-hash=\"#elementor-action%3Aaction%3Dlightbox%26settings%3DeyJpZCI6NDcyLCJ1cmwiOiJodHRwOlwvXC93d3cubGFuZGFsLnNrXC93cC1jb250ZW50XC91cGxvYWRzXC8yMDE4XC8wN1wvRFNDXzAwNTcuanBnIiwic2xpZGVzaG93IjoiM2UxZWZhNCJ9\" href='http:\/\/www.landal.sk\/wp-content\/uploads\/2018\/07\/DSC_0057.jpg' title=\"DSC_0057\" data-rl_title=\"DSC_0057\" class=\"rl-gallery-link\" data-rl_caption=\"\" data-rel=\"lightbox-gallery-1\"><img loading=\"lazy\" decoding=\"async\" width=\"150\" height=\"150\" src=\"http:\/\/www.landal.sk\/wp-content\/uploads\/2018\/07\/DSC_0057-150x150.jpg\" class=\"attachment-thumbnail size-thumbnail\" alt=\"\" srcset=\"http:\/\/www.landal.sk\/wp-content\/uploads\/2018\/07\/DSC_0057-150x150.jpg 150w, http:\/\/www.landal.sk\/wp-content\/uploads\/2018\/07\/DSC_0057-100x100.jpg 100w\" sizes=\"100vw\" \/><\/a>\n\t\t\t<\/div><\/figure><figure class='gallery-item'>\n\t\t\t<div class='gallery-icon landscape'>\n\t\t\t\t<a data-elementor-open-lightbox=\"yes\" data-elementor-lightbox-slideshow=\"3e1efa4\" data-elementor-lightbox-title=\"DSC_0058\" data-e-action-hash=\"#elementor-action%3Aaction%3Dlightbox%26settings%3DeyJpZCI6NDczLCJ1cmwiOiJodHRwOlwvXC93d3cubGFuZGFsLnNrXC93cC1jb250ZW50XC91cGxvYWRzXC8yMDE4XC8wN1wvRFNDXzAwNTguanBnIiwic2xpZGVzaG93IjoiM2UxZWZhNCJ9\" href='http:\/\/www.landal.sk\/wp-content\/uploads\/2018\/07\/DSC_0058.jpg' title=\"DSC_0058\" data-rl_title=\"DSC_0058\" class=\"rl-gallery-link\" data-rl_caption=\"\" data-rel=\"lightbox-gallery-1\"><img loading=\"lazy\" decoding=\"async\" width=\"150\" height=\"150\" src=\"http:\/\/www.landal.sk\/wp-content\/uploads\/2018\/07\/DSC_0058-150x150.jpg\" class=\"attachment-thumbnail size-thumbnail\" alt=\"\" srcset=\"http:\/\/www.landal.sk\/wp-content\/uploads\/2018\/07\/DSC_0058-150x150.jpg 150w, http:\/\/www.landal.sk\/wp-content\/uploads\/2018\/07\/DSC_0058-100x100.jpg 100w\" sizes=\"100vw\" \/><\/a>\n\t\t\t<\/div><\/figure><figure class='gallery-item'>\n\t\t\t<div class='gallery-icon landscape'>\n\t\t\t\t<a data-elementor-open-lightbox=\"yes\" data-elementor-lightbox-slideshow=\"3e1efa4\" data-elementor-lightbox-title=\"DSC_0059\" data-e-action-hash=\"#elementor-action%3Aaction%3Dlightbox%26settings%3DeyJpZCI6NDc0LCJ1cmwiOiJodHRwOlwvXC93d3cubGFuZGFsLnNrXC93cC1jb250ZW50XC91cGxvYWRzXC8yMDE4XC8wN1wvRFNDXzAwNTkuanBnIiwic2xpZGVzaG93IjoiM2UxZWZhNCJ9\" href='http:\/\/www.landal.sk\/wp-content\/uploads\/2018\/07\/DSC_0059.jpg' title=\"DSC_0059\" data-rl_title=\"DSC_0059\" class=\"rl-gallery-link\" data-rl_caption=\"\" data-rel=\"lightbox-gallery-1\"><img loading=\"lazy\" decoding=\"async\" width=\"150\" height=\"150\" src=\"http:\/\/www.landal.sk\/wp-content\/uploads\/2018\/07\/DSC_0059-150x150.jpg\" class=\"attachment-thumbnail size-thumbnail\" alt=\"\" srcset=\"http:\/\/www.landal.sk\/wp-content\/uploads\/2018\/07\/DSC_0059-150x150.jpg 150w, http:\/\/www.landal.sk\/wp-content\/uploads\/2018\/07\/DSC_0059-100x100.jpg 100w\" sizes=\"100vw\" \/><\/a>\n\t\t\t<\/div><\/figure><figure class='gallery-item'>\n\t\t\t<div class='gallery-icon landscape'>\n\t\t\t\t<a data-elementor-open-lightbox=\"yes\" data-elementor-lightbox-slideshow=\"3e1efa4\" data-elementor-lightbox-title=\"IMG_20161220_165931\" data-e-action-hash=\"#elementor-action%3Aaction%3Dlightbox%26settings%3DeyJpZCI6NDc1LCJ1cmwiOiJodHRwOlwvXC93d3cubGFuZGFsLnNrXC93cC1jb250ZW50XC91cGxvYWRzXC8yMDE4XC8wN1wvSU1HXzIwMTYxMjIwXzE2NTkzMS5qcGciLCJzbGlkZXNob3ciOiIzZTFlZmE0In0%3D\" href='http:\/\/www.landal.sk\/wp-content\/uploads\/2018\/07\/IMG_20161220_165931.jpg' title=\"IMG_20161220_165931\" data-rl_title=\"IMG_20161220_165931\" class=\"rl-gallery-link\" data-rl_caption=\"\" data-rel=\"lightbox-gallery-1\"><img loading=\"lazy\" decoding=\"async\" width=\"150\" height=\"150\" src=\"http:\/\/www.landal.sk\/wp-content\/uploads\/2018\/07\/IMG_20161220_165931-150x150.jpg\" class=\"attachment-thumbnail size-thumbnail\" alt=\"\" srcset=\"http:\/\/www.landal.sk\/wp-content\/uploads\/2018\/07\/IMG_20161220_165931-150x150.jpg 150w, http:\/\/www.landal.sk\/wp-content\/uploads\/2018\/07\/IMG_20161220_165931-100x100.jpg 100w\" sizes=\"100vw\" \/><\/a>\n\t\t\t<\/div><\/figure><figure class='gallery-item'>\n\t\t\t<div class='gallery-icon landscape'>\n\t\t\t\t<a data-elementor-open-lightbox=\"yes\" data-elementor-lightbox-slideshow=\"3e1efa4\" data-elementor-lightbox-title=\"IMG_20180111_082555\" data-e-action-hash=\"#elementor-action%3Aaction%3Dlightbox%26settings%3DeyJpZCI6NDc2LCJ1cmwiOiJodHRwOlwvXC93d3cubGFuZGFsLnNrXC93cC1jb250ZW50XC91cGxvYWRzXC8yMDE4XC8wN1wvSU1HXzIwMTgwMTExXzA4MjU1NS5qcGciLCJzbGlkZXNob3ciOiIzZTFlZmE0In0%3D\" href='http:\/\/www.landal.sk\/wp-content\/uploads\/2018\/07\/IMG_20180111_082555.jpg' title=\"IMG_20180111_082555\" data-rl_title=\"IMG_20180111_082555\" class=\"rl-gallery-link\" data-rl_caption=\"\" data-rel=\"lightbox-gallery-1\"><img loading=\"lazy\" decoding=\"async\" width=\"150\" height=\"150\" src=\"http:\/\/www.landal.sk\/wp-content\/uploads\/2018\/07\/IMG_20180111_082555-150x150.jpg\" class=\"attachment-thumbnail size-thumbnail\" alt=\"\" srcset=\"http:\/\/www.landal.sk\/wp-content\/uploads\/2018\/07\/IMG_20180111_082555-150x150.jpg 150w, http:\/\/www.landal.sk\/wp-content\/uploads\/2018\/07\/IMG_20180111_082555-100x100.jpg 100w\" sizes=\"100vw\" \/><\/a>\n\t\t\t<\/div><\/figure><figure class='gallery-item'>\n\t\t\t<div class='gallery-icon landscape'>\n\t\t\t\t<a data-elementor-open-lightbox=\"yes\" data-elementor-lightbox-slideshow=\"3e1efa4\" data-elementor-lightbox-title=\"IMG_20180111_082609\" data-e-action-hash=\"#elementor-action%3Aaction%3Dlightbox%26settings%3DeyJpZCI6NDc3LCJ1cmwiOiJodHRwOlwvXC93d3cubGFuZGFsLnNrXC93cC1jb250ZW50XC91cGxvYWRzXC8yMDE4XC8wN1wvSU1HXzIwMTgwMTExXzA4MjYwOS5qcGciLCJzbGlkZXNob3ciOiIzZTFlZmE0In0%3D\" href='http:\/\/www.landal.sk\/wp-content\/uploads\/2018\/07\/IMG_20180111_082609.jpg' title=\"IMG_20180111_082609\" data-rl_title=\"IMG_20180111_082609\" class=\"rl-gallery-link\" data-rl_caption=\"\" data-rel=\"lightbox-gallery-1\"><img loading=\"lazy\" decoding=\"async\" width=\"150\" height=\"150\" src=\"http:\/\/www.landal.sk\/wp-content\/uploads\/2018\/07\/IMG_20180111_082609-150x150.jpg\" class=\"attachment-thumbnail size-thumbnail\" alt=\"\" srcset=\"http:\/\/www.landal.sk\/wp-content\/uploads\/2018\/07\/IMG_20180111_082609-150x150.jpg 150w, http:\/\/www.landal.sk\/wp-content\/uploads\/2018\/07\/IMG_20180111_082609-100x100.jpg 100w\" sizes=\"100vw\" \/><\/a>\n\t\t\t<\/div><\/figure><figure class='gallery-item'>\n\t\t\t<div class='gallery-icon landscape'>\n\t\t\t\t<a data-elementor-open-lightbox=\"yes\" data-elementor-lightbox-slideshow=\"3e1efa4\" data-elementor-lightbox-title=\"IMG_20180111_082636\" data-e-action-hash=\"#elementor-action%3Aaction%3Dlightbox%26settings%3DeyJpZCI6NDc4LCJ1cmwiOiJodHRwOlwvXC93d3cubGFuZGFsLnNrXC93cC1jb250ZW50XC91cGxvYWRzXC8yMDE4XC8wN1wvSU1HXzIwMTgwMTExXzA4MjYzNi5qcGciLCJzbGlkZXNob3ciOiIzZTFlZmE0In0%3D\" href='http:\/\/www.landal.sk\/wp-content\/uploads\/2018\/07\/IMG_20180111_082636.jpg' title=\"IMG_20180111_082636\" data-rl_title=\"IMG_20180111_082636\" class=\"rl-gallery-link\" data-rl_caption=\"\" data-rel=\"lightbox-gallery-1\"><img loading=\"lazy\" decoding=\"async\" width=\"150\" height=\"150\" src=\"http:\/\/www.landal.sk\/wp-content\/uploads\/2018\/07\/IMG_20180111_082636-150x150.jpg\" class=\"attachment-thumbnail size-thumbnail\" alt=\"\" srcset=\"http:\/\/www.landal.sk\/wp-content\/uploads\/2018\/07\/IMG_20180111_082636-150x150.jpg 150w, http:\/\/www.landal.sk\/wp-content\/uploads\/2018\/07\/IMG_20180111_082636-100x100.jpg 100w\" sizes=\"100vw\" \/><\/a>\n\t\t\t<\/div><\/figure><figure class='gallery-item'>\n\t\t\t<div class='gallery-icon landscape'>\n\t\t\t\t<a data-elementor-open-lightbox=\"yes\" data-elementor-lightbox-slideshow=\"3e1efa4\" data-elementor-lightbox-title=\"IMG_20180111_082649\" data-e-action-hash=\"#elementor-action%3Aaction%3Dlightbox%26settings%3DeyJpZCI6NDc5LCJ1cmwiOiJodHRwOlwvXC93d3cubGFuZGFsLnNrXC93cC1jb250ZW50XC91cGxvYWRzXC8yMDE4XC8wN1wvSU1HXzIwMTgwMTExXzA4MjY0OS5qcGciLCJzbGlkZXNob3ciOiIzZTFlZmE0In0%3D\" href='http:\/\/www.landal.sk\/wp-content\/uploads\/2018\/07\/IMG_20180111_082649.jpg' title=\"IMG_20180111_082649\" data-rl_title=\"IMG_20180111_082649\" class=\"rl-gallery-link\" data-rl_caption=\"\" data-rel=\"lightbox-gallery-1\"><img loading=\"lazy\" decoding=\"async\" width=\"150\" height=\"150\" src=\"http:\/\/www.landal.sk\/wp-content\/uploads\/2018\/07\/IMG_20180111_082649-150x150.jpg\" class=\"attachment-thumbnail size-thumbnail\" alt=\"\" srcset=\"http:\/\/www.landal.sk\/wp-content\/uploads\/2018\/07\/IMG_20180111_082649-150x150.jpg 150w, http:\/\/www.landal.sk\/wp-content\/uploads\/2018\/07\/IMG_20180111_082649-100x100.jpg 100w\" sizes=\"100vw\" \/><\/a>\n\t\t\t<\/div><\/figure><figure class='gallery-item'>\n\t\t\t<div class='gallery-icon landscape'>\n\t\t\t\t<a data-elementor-open-lightbox=\"yes\" data-elementor-lightbox-slideshow=\"3e1efa4\" data-elementor-lightbox-title=\"IMG_20180111_082731\" data-e-action-hash=\"#elementor-action%3Aaction%3Dlightbox%26settings%3DeyJpZCI6NDgwLCJ1cmwiOiJodHRwOlwvXC93d3cubGFuZGFsLnNrXC93cC1jb250ZW50XC91cGxvYWRzXC8yMDE4XC8wN1wvSU1HXzIwMTgwMTExXzA4MjczMS5qcGciLCJzbGlkZXNob3ciOiIzZTFlZmE0In0%3D\" href='http:\/\/www.landal.sk\/wp-content\/uploads\/2018\/07\/IMG_20180111_082731.jpg' title=\"IMG_20180111_082731\" data-rl_title=\"IMG_20180111_082731\" class=\"rl-gallery-link\" data-rl_caption=\"\" data-rel=\"lightbox-gallery-1\"><img loading=\"lazy\" decoding=\"async\" width=\"150\" height=\"150\" src=\"http:\/\/www.landal.sk\/wp-content\/uploads\/2018\/07\/IMG_20180111_082731-150x150.jpg\" class=\"attachment-thumbnail size-thumbnail\" alt=\"\" srcset=\"http:\/\/www.landal.sk\/wp-content\/uploads\/2018\/07\/IMG_20180111_082731-150x150.jpg 150w, http:\/\/www.landal.sk\/wp-content\/uploads\/2018\/07\/IMG_20180111_082731-100x100.jpg 100w\" sizes=\"100vw\" \/><\/a>\n\t\t\t<\/div><\/figure><figure class='gallery-item'>\n\t\t\t<div class='gallery-icon landscape'>\n\t\t\t\t<a data-elementor-open-lightbox=\"yes\" data-elementor-lightbox-slideshow=\"3e1efa4\" data-elementor-lightbox-title=\"100_3565\" data-e-action-hash=\"#elementor-action%3Aaction%3Dlightbox%26settings%3DeyJpZCI6NDgyLCJ1cmwiOiJodHRwOlwvXC93d3cubGFuZGFsLnNrXC93cC1jb250ZW50XC91cGxvYWRzXC8yMDE4XC8wN1wvMTAwXzM1NjUuanBnIiwic2xpZGVzaG93IjoiM2UxZWZhNCJ9\" href='http:\/\/www.landal.sk\/wp-content\/uploads\/2018\/07\/100_3565.jpg' title=\"100_3565\" data-rl_title=\"100_3565\" class=\"rl-gallery-link\" data-rl_caption=\"\" data-rel=\"lightbox-gallery-1\"><img loading=\"lazy\" decoding=\"async\" width=\"150\" height=\"150\" src=\"http:\/\/www.landal.sk\/wp-content\/uploads\/2018\/07\/100_3565-150x150.jpg\" class=\"attachment-thumbnail size-thumbnail\" alt=\"\" srcset=\"http:\/\/www.landal.sk\/wp-content\/uploads\/2018\/07\/100_3565-150x150.jpg 150w, http:\/\/www.landal.sk\/wp-content\/uploads\/2018\/07\/100_3565-100x100.jpg 100w\" sizes=\"100vw\" \/><\/a>\n\t\t\t<\/div><\/figure><figure class='gallery-item'>\n\t\t\t<div class='gallery-icon portrait'>\n\t\t\t\t<a data-elementor-open-lightbox=\"yes\" data-elementor-lightbox-slideshow=\"3e1efa4\" data-elementor-lightbox-title=\"100_4128\" data-e-action-hash=\"#elementor-action%3Aaction%3Dlightbox%26settings%3DeyJpZCI6NDgzLCJ1cmwiOiJodHRwOlwvXC93d3cubGFuZGFsLnNrXC93cC1jb250ZW50XC91cGxvYWRzXC8yMDE4XC8wN1wvMTAwXzQxMjguanBnIiwic2xpZGVzaG93IjoiM2UxZWZhNCJ9\" href='http:\/\/www.landal.sk\/wp-content\/uploads\/2018\/07\/100_4128.jpg' title=\"100_4128\" data-rl_title=\"100_4128\" class=\"rl-gallery-link\" data-rl_caption=\"\" data-rel=\"lightbox-gallery-1\"><img loading=\"lazy\" decoding=\"async\" width=\"150\" height=\"150\" src=\"http:\/\/www.landal.sk\/wp-content\/uploads\/2018\/07\/100_4128-150x150.jpg\" class=\"attachment-thumbnail size-thumbnail\" alt=\"\" srcset=\"http:\/\/www.landal.sk\/wp-content\/uploads\/2018\/07\/100_4128-150x150.jpg 150w, http:\/\/www.landal.sk\/wp-content\/uploads\/2018\/07\/100_4128-100x100.jpg 100w\" sizes=\"100vw\" \/><\/a>\n\t\t\t<\/div><\/figure><figure class='gallery-item'>\n\t\t\t<div class='gallery-icon landscape'>\n\t\t\t\t<a data-elementor-open-lightbox=\"yes\" data-elementor-lightbox-slideshow=\"3e1efa4\" data-elementor-lightbox-title=\"100_4590\" data-e-action-hash=\"#elementor-action%3Aaction%3Dlightbox%26settings%3DeyJpZCI6NDg0LCJ1cmwiOiJodHRwOlwvXC93d3cubGFuZGFsLnNrXC93cC1jb250ZW50XC91cGxvYWRzXC8yMDE4XC8wN1wvMTAwXzQ1OTAuanBnIiwic2xpZGVzaG93IjoiM2UxZWZhNCJ9\" href='http:\/\/www.landal.sk\/wp-content\/uploads\/2018\/07\/100_4590.jpg' title=\"100_4590\" data-rl_title=\"100_4590\" class=\"rl-gallery-link\" data-rl_caption=\"\" data-rel=\"lightbox-gallery-1\"><img loading=\"lazy\" decoding=\"async\" width=\"150\" height=\"150\" src=\"http:\/\/www.landal.sk\/wp-content\/uploads\/2018\/07\/100_4590-150x150.jpg\" class=\"attachment-thumbnail size-thumbnail\" alt=\"\" srcset=\"http:\/\/www.landal.sk\/wp-content\/uploads\/2018\/07\/100_4590-150x150.jpg 150w, http:\/\/www.landal.sk\/wp-content\/uploads\/2018\/07\/100_4590-100x100.jpg 100w\" sizes=\"100vw\" \/><\/a>\n\t\t\t<\/div><\/figure><figure class='gallery-item'>\n\t\t\t<div class='gallery-icon landscape'>\n\t\t\t\t<a data-elementor-open-lightbox=\"yes\" data-elementor-lightbox-slideshow=\"3e1efa4\" data-elementor-lightbox-title=\"100_4591\" data-e-action-hash=\"#elementor-action%3Aaction%3Dlightbox%26settings%3DeyJpZCI6NDg1LCJ1cmwiOiJodHRwOlwvXC93d3cubGFuZGFsLnNrXC93cC1jb250ZW50XC91cGxvYWRzXC8yMDE4XC8wN1wvMTAwXzQ1OTEuanBnIiwic2xpZGVzaG93IjoiM2UxZWZhNCJ9\" href='http:\/\/www.landal.sk\/wp-content\/uploads\/2018\/07\/100_4591.jpg' title=\"100_4591\" data-rl_title=\"100_4591\" class=\"rl-gallery-link\" data-rl_caption=\"\" data-rel=\"lightbox-gallery-1\"><img loading=\"lazy\" decoding=\"async\" width=\"150\" height=\"150\" src=\"http:\/\/www.landal.sk\/wp-content\/uploads\/2018\/07\/100_4591-150x150.jpg\" class=\"attachment-thumbnail size-thumbnail\" alt=\"\" srcset=\"http:\/\/www.landal.sk\/wp-content\/uploads\/2018\/07\/100_4591-150x150.jpg 150w, http:\/\/www.landal.sk\/wp-content\/uploads\/2018\/07\/100_4591-100x100.jpg 100w\" sizes=\"100vw\" \/><\/a>\n\t\t\t<\/div><\/figure><figure class='gallery-item'>\n\t\t\t<div class='gallery-icon landscape'>\n\t\t\t\t<a data-elementor-open-lightbox=\"yes\" data-elementor-lightbox-slideshow=\"3e1efa4\" data-elementor-lightbox-title=\"20150819_152011\" data-e-action-hash=\"#elementor-action%3Aaction%3Dlightbox%26settings%3DeyJpZCI6NDg2LCJ1cmwiOiJodHRwOlwvXC93d3cubGFuZGFsLnNrXC93cC1jb250ZW50XC91cGxvYWRzXC8yMDE4XC8wN1wvMjAxNTA4MTlfMTUyMDExLmpwZyIsInNsaWRlc2hvdyI6IjNlMWVmYTQifQ%3D%3D\" href='http:\/\/www.landal.sk\/wp-content\/uploads\/2018\/07\/20150819_152011.jpg' title=\"20150819_152011\" data-rl_title=\"20150819_152011\" class=\"rl-gallery-link\" data-rl_caption=\"\" data-rel=\"lightbox-gallery-1\"><img loading=\"lazy\" decoding=\"async\" width=\"150\" height=\"150\" src=\"http:\/\/www.landal.sk\/wp-content\/uploads\/2018\/07\/20150819_152011-150x150.jpg\" class=\"attachment-thumbnail size-thumbnail\" alt=\"\" srcset=\"http:\/\/www.landal.sk\/wp-content\/uploads\/2018\/07\/20150819_152011-150x150.jpg 150w, http:\/\/www.landal.sk\/wp-content\/uploads\/2018\/07\/20150819_152011-100x100.jpg 100w\" sizes=\"100vw\" \/><\/a>\n\t\t\t<\/div><\/figure>\n\t\t<\/div>\n\t\t<\/div>\n\t\t\t\t\t\t<\/div>\n\t\t\t\t<\/div>\n\t\t\t\t\t<\/div>\n\t\t<\/div>\n\t\t\t\t\t<\/div>\n\t\t<\/section>\n\t\t\t\t<\/div>\n\t\t","protected":false},"excerpt":{"rendered":"<p>Hydraulick\u00e9 no\u017enice s\u00fa vzh\u013eadom na svoj \u00fa\u010del extr\u00e9mne nam\u00e1han\u00fdm zariaden\u00edm. Pri ich prev\u00e1dzke prich\u00e1dza v d\u00f4sledku p\u00f4sobenia zna\u010dn\u00fdch s\u00edl k opotrebeniu ich \u010dast\u00ed alebo ku kon\u0161truk\u010dn\u00e9mu zlyhaniu. Pri ich oprav\u00e1ch sa zameriavame na: v\u00fdmeny navarovac\u00edch zubov a \u010de\u013eust\u00ed, v\u00fdmeny v\u00fdmenn\u00fdch zubov a \u010de\u013eust\u00ed, opravy \u010dapov a p\u00fazdier, opravy hydraulick\u00fdch valcov, opravy \u010de\u013eust\u00ed, krycie tvrdon\u00e1vary, krycie &hellip; <\/p>\n<p class=\"link-more\"><a href=\"http:\/\/www.landal.sk\/index.php\/servis\/opravy-demolacnych-kliesti\/\" class=\"more-link\">Pokra\u010dova\u0165 v \u010d\u00edtan\u00ed<span class=\"screen-reader-text\"> &#8222;Opravy demola\u010dn\u00fdch klie\u0161t\u00ed&#8220;<\/span><\/a><\/p>\n","protected":false},"author":1,"featured_media":472,"parent":300,"menu_order":0,"comment_status":"closed","ping_status":"closed","template":"","meta":{"footnotes":""},"class_list":["post-462","page","type-page","status-publish","has-post-thumbnail","hentry"],"_links":{"self":[{"href":"http:\/\/www.landal.sk\/index.php\/wp-json\/wp\/v2\/pages\/462","targetHints":{"allow":["GET"]}}],"collection":[{"href":"http:\/\/www.landal.sk\/index.php\/wp-json\/wp\/v2\/pages"}],"about":[{"href":"http:\/\/www.landal.sk\/index.php\/wp-json\/wp\/v2\/types\/page"}],"author":[{"embeddable":true,"href":"http:\/\/www.landal.sk\/index.php\/wp-json\/wp\/v2\/users\/1"}],"replies":[{"embeddable":true,"href":"http:\/\/www.landal.sk\/index.php\/wp-json\/wp\/v2\/comments?post=462"}],"version-history":[{"count":6,"href":"http:\/\/www.landal.sk\/index.php\/wp-json\/wp\/v2\/pages\/462\/revisions"}],"predecessor-version":[{"id":991,"href":"http:\/\/www.landal.sk\/index.php\/wp-json\/wp\/v2\/pages\/462\/revisions\/991"}],"up":[{"embeddable":true,"href":"http:\/\/www.landal.sk\/index.php\/wp-json\/wp\/v2\/pages\/300"}],"wp:featuredmedia":[{"embeddable":true,"href":"http:\/\/www.landal.sk\/index.php\/wp-json\/wp\/v2\/media\/472"}],"wp:attachment":[{"href":"http:\/\/www.landal.sk\/index.php\/wp-json\/wp\/v2\/media?parent=462"}],"curies":[{"name":"wp","href":"https:\/\/api.w.org\/{rel}","templated":true}]}}