{"id":1021,"date":"2018-11-15T17:53:58","date_gmt":"2018-11-15T15:53:58","guid":{"rendered":"http:\/\/wordpress.landal.sk\/?page_id=1021"},"modified":"2019-02-19T17:13:32","modified_gmt":"2019-02-19T15:13:32","slug":"o-nas","status":"publish","type":"page","link":"http:\/\/www.landal.sk\/index.php\/o-nas\/","title":{"rendered":"O n\u00e1s"},"content":{"rendered":"\t\t<div data-elementor-type=\"wp-post\" data-elementor-id=\"1021\" class=\"elementor elementor-1021 elementor-bc-flex-widget\">\n\t\t\t\t\t\t<section class=\"elementor-section elementor-top-section elementor-element elementor-element-0cbe65d elementor-section-boxed elementor-section-height-default elementor-section-height-default\" data-id=\"0cbe65d\" data-element_type=\"section\" data-e-type=\"section\">\n\t\t\t\t\t\t<div class=\"elementor-container elementor-column-gap-default\">\n\t\t\t\t\t<div class=\"elementor-column elementor-col-100 elementor-top-column elementor-element elementor-element-17d6bd7\" data-id=\"17d6bd7\" data-element_type=\"column\" data-e-type=\"column\">\n\t\t\t<div class=\"elementor-widget-wrap elementor-element-populated\">\n\t\t\t\t\t\t<div class=\"elementor-element elementor-element-6e8bb96 elementor-invisible elementor-widget elementor-widget-text-editor\" data-id=\"6e8bb96\" data-element_type=\"widget\" data-e-type=\"widget\" data-settings=\"{&quot;_animation&quot;:&quot;fadeInLeft&quot;}\" data-widget_type=\"text-editor.default\">\n\t\t\t\t<div class=\"elementor-widget-container\">\n\t\t\t\t\t\t\t\t\t<p>Firma <strong>LANDAL<\/strong> je rodinnou firmou. Svoju p\u00f4sobnos\u0165 smeruje do oblasti stavebnej mechaniz\u00e1cie a stroj\u00e1rskej v\u00fdroby. V priebehu 20 rokov svojej \u010dinnosti si vybudovala stabiln\u00fd okruh z\u00e1kazn\u00edkov, ktor\u00fd neust\u00e1le roz\u0161iruje. Z d\u00f4vodu dopytu z\u00e1kazn\u00edkov sa postupne zaviedla a dop\u013a\u0148a obchodn\u00e1 \u010dinnos\u0165 v oblasti stavebnej mechaniz\u00e1cie.<\/p><p>Obchodn\u00e1 \u010dinnos\u0165 spolo\u010dnosti zah\u0155\u0148a predaj a servis hydraulick\u00fdch rozru\u0161ovac\u00edch klad\u00edv VISTARINI HPV pre stavebn\u00e9 stroje r\u00f4znych zna\u010diek a ve\u013ekost\u00ed, predaj a servis hydraulick\u00fdch demola\u010dn\u00fdch no\u017en\u00edc MANTOVANIBENNE, predaj a servis p\u00e1sov\u00fdch r\u00fdpadiel YUCHAI a samozrejme predaj vlastn\u00e9ho v\u00fdrobn\u00e9ho programu, ktor\u00fdm s\u00fa n\u00e1stroje pre rozru\u0161ovacie kladiv\u00e1 a ru\u010dn\u00e9 n\u00e1stroje. <br \/>Servis a n\u00e1hradn\u00e9 diely poskytujeme aj pre kladiv\u00e1 ZTS HRK a \u010fal\u0161ie zna\u010dky. Sk\u00fasenosti z tejto oblasti s\u00fa z\u00e1rukou odborn\u00e9ho v\u00fdkonu opr\u00e1v.<\/p><p>Viac ako 20 ro\u010dn\u00e9 sk\u00fasenosti aj z predch\u00e1dzaj\u00facich p\u00f4soben\u00ed \u010dlenov t\u00edmu umo\u017e\u0148uj\u00fa vyr\u00e1ba\u0165 \u0161pi\u010dkov\u00e9 n\u00e1stroje aj v pr\u00edpade \u0161peci\u00e1lnych po\u017eiadaviek. Neust\u00e1ly rast z\u00e1ujmu o n\u00e1stroje zna\u010dky LANDAL znamen\u00e1 pre n\u00e1s v\u00fdznamn\u00e9 ocenenie kvality na\u0161ej produkcie. Zvy\u0161uj\u00faci sa export n\u00e1s te\u0161\u00ed a je d\u00f4kazom schopnosti vyhovie\u0165 aj n\u00e1ro\u010dn\u00fdm zahrani\u010dn\u00fdm po\u017eiadavk\u00e1m. O\u010dak\u00e1vania z\u00e1kazn\u00edkov s\u00fa hnacou silou na\u0161ich inov\u00e1ci\u00ed ako v technol\u00f3gii v\u00fdroby tak i v logistike a mana\u017emente. Technol\u00f3gia CNC je s\u00fa\u010das\u0165ou n\u00e1\u0161ho v\u00fdrobn\u00e9ho procesu a napom\u00e1ha pri zvy\u0161ovan\u00ed kvality produkcie.<\/p>\t\t\t\t\t\t\t\t<\/div>\n\t\t\t\t<\/div>\n\t\t\t\t\t<\/div>\n\t\t<\/div>\n\t\t\t\t\t<\/div>\n\t\t<\/section>\n\t\t\t\t<section class=\"elementor-section elementor-top-section elementor-element elementor-element-79d11d2 elementor-section-boxed elementor-section-height-default elementor-section-height-default\" data-id=\"79d11d2\" data-element_type=\"section\" data-e-type=\"section\">\n\t\t\t\t\t\t<div class=\"elementor-container elementor-column-gap-default\">\n\t\t\t\t\t<div class=\"elementor-column elementor-col-100 elementor-top-column elementor-element elementor-element-d4e4c36\" data-id=\"d4e4c36\" data-element_type=\"column\" data-e-type=\"column\">\n\t\t\t<div class=\"elementor-widget-wrap elementor-element-populated\">\n\t\t\t\t\t\t<div class=\"elementor-element elementor-element-0acb9d1 elementor-widget elementor-widget-image\" data-id=\"0acb9d1\" data-element_type=\"widget\" data-e-type=\"widget\" data-widget_type=\"image.default\">\n\t\t\t\t<div class=\"elementor-widget-container\">\n\t\t\t\t\t\t\t\t\t\t\t\t\t\t\t<img fetchpriority=\"high\" decoding=\"async\" width=\"300\" height=\"246\" src=\"https:\/\/www.landal.sk\/wp-content\/uploads\/2018\/11\/Tradicia-logo-20-r-300x246.jpg\" class=\"attachment-medium size-medium wp-image-1026\" alt=\"\" srcset=\"https:\/\/www.landal.sk\/wp-content\/uploads\/2018\/11\/Tradicia-logo-20-r-300x246.jpg 300w, https:\/\/www.landal.sk\/wp-content\/uploads\/2018\/11\/Tradicia-logo-20-r.jpg 564w\" sizes=\"100vw\" \/>\t\t\t\t\t\t\t\t\t\t\t\t\t\t\t<\/div>\n\t\t\t\t<\/div>\n\t\t\t\t\t<\/div>\n\t\t<\/div>\n\t\t\t\t\t<\/div>\n\t\t<\/section>\n\t\t\t\t<\/div>\n\t\t","protected":false},"excerpt":{"rendered":"<p>Firma LANDAL je rodinnou firmou. Svoju p\u00f4sobnos\u0165 smeruje do oblasti stavebnej mechaniz\u00e1cie a stroj\u00e1rskej v\u00fdroby. V priebehu 20 rokov svojej \u010dinnosti si vybudovala stabiln\u00fd okruh z\u00e1kazn\u00edkov, ktor\u00fd neust\u00e1le roz\u0161iruje. Z d\u00f4vodu dopytu z\u00e1kazn\u00edkov sa postupne zaviedla a dop\u013a\u0148a obchodn\u00e1 \u010dinnos\u0165 v oblasti stavebnej mechaniz\u00e1cie. Obchodn\u00e1 \u010dinnos\u0165 spolo\u010dnosti zah\u0155\u0148a predaj a servis hydraulick\u00fdch rozru\u0161ovac\u00edch klad\u00edv VISTARINI &hellip; <\/p>\n<p class=\"link-more\"><a href=\"http:\/\/www.landal.sk\/index.php\/o-nas\/\" class=\"more-link\">Pokra\u010dova\u0165 v \u010d\u00edtan\u00ed<span class=\"screen-reader-text\"> &#8222;O n\u00e1s&#8220;<\/span><\/a><\/p>\n","protected":false},"author":1,"featured_media":13,"parent":0,"menu_order":0,"comment_status":"closed","ping_status":"closed","template":"","meta":{"footnotes":""},"class_list":["post-1021","page","type-page","status-publish","has-post-thumbnail","hentry"],"_links":{"self":[{"href":"http:\/\/www.landal.sk\/index.php\/wp-json\/wp\/v2\/pages\/1021","targetHints":{"allow":["GET"]}}],"collection":[{"href":"http:\/\/www.landal.sk\/index.php\/wp-json\/wp\/v2\/pages"}],"about":[{"href":"http:\/\/www.landal.sk\/index.php\/wp-json\/wp\/v2\/types\/page"}],"author":[{"embeddable":true,"href":"http:\/\/www.landal.sk\/index.php\/wp-json\/wp\/v2\/users\/1"}],"replies":[{"embeddable":true,"href":"http:\/\/www.landal.sk\/index.php\/wp-json\/wp\/v2\/comments?post=1021"}],"version-history":[{"count":10,"href":"http:\/\/www.landal.sk\/index.php\/wp-json\/wp\/v2\/pages\/1021\/revisions"}],"predecessor-version":[{"id":1315,"href":"http:\/\/www.landal.sk\/index.php\/wp-json\/wp\/v2\/pages\/1021\/revisions\/1315"}],"wp:featuredmedia":[{"embeddable":true,"href":"http:\/\/www.landal.sk\/index.php\/wp-json\/wp\/v2\/media\/13"}],"wp:attachment":[{"href":"http:\/\/www.landal.sk\/index.php\/wp-json\/wp\/v2\/media?parent=1021"}],"curies":[{"name":"wp","href":"https:\/\/api.w.org\/{rel}","templated":true}]}}